{"id":5953,"date":"2024-12-05T14:42:03","date_gmt":"2024-12-05T14:42:03","guid":{"rendered":"https:\/\/elahieh.com\/demo\/?page_id=5953"},"modified":"2024-12-05T15:05:30","modified_gmt":"2024-12-05T15:05:30","slug":"elementor-5953","status":"publish","type":"page","link":"https:\/\/pitechgroup.com\/fr\/elementor-5953\/","title":{"rendered":"Syst\u00e8mes de s\u00e9curit\u00e9"},"content":{"rendered":"<div data-elementor-type=\"wp-page\" data-elementor-id=\"5953\" class=\"elementor elementor-5953\">\n\t\t\t\t\t\t<section class=\"elementor-section elementor-top-section elementor-element elementor-element-1e8c3700 ot-traditional elementor-section-boxed elementor-section-height-default elementor-section-height-default\" data-id=\"1e8c3700\" data-element_type=\"section\" data-e-type=\"section\" data-settings=\"{&quot;background_background&quot;:&quot;classic&quot;}\">\n\t\t\t\t\t\t<div class=\"elementor-container elementor-column-gap-extended\">\n\t\t\t\t\t<div class=\"elementor-column elementor-col-50 elementor-top-column elementor-element elementor-element-4aad968 elementor-hidden-tablet elementor-hidden-phone ot-flex-column-vertical\" data-id=\"4aad968\" data-element_type=\"column\" data-e-type=\"column\">\n\t\t\t<div class=\"elementor-widget-wrap elementor-element-populated\">\n\t\t\t\t\t\t<div class=\"elementor-element elementor-element-31137f9c elementor-widget elementor-widget-image\" data-id=\"31137f9c\" data-element_type=\"widget\" data-e-type=\"widget\" data-widget_type=\"image.default\">\n\t\t\t\t<div class=\"elementor-widget-container\">\n\t\t\t\t\t\t\t\t\t\t\t\t\t\t\t<img fetchpriority=\"high\" decoding=\"async\" width=\"1280\" height=\"596\" src=\"https:\/\/pitechgroup.com\/wp-content\/uploads\/2024\/12\/IMG-20241201-WA0003.jpg\" class=\"attachment-full size-full wp-image-5957\" alt=\"\" srcset=\"https:\/\/pitechgroup.com\/wp-content\/uploads\/2024\/12\/IMG-20241201-WA0003.jpg 1280w, https:\/\/pitechgroup.com\/wp-content\/uploads\/2024\/12\/IMG-20241201-WA0003-300x140.jpg 300w, https:\/\/pitechgroup.com\/wp-content\/uploads\/2024\/12\/IMG-20241201-WA0003-1024x477.jpg 1024w, https:\/\/pitechgroup.com\/wp-content\/uploads\/2024\/12\/IMG-20241201-WA0003-768x358.jpg 768w, https:\/\/pitechgroup.com\/wp-content\/uploads\/2024\/12\/IMG-20241201-WA0003-720x335.jpg 720w\" sizes=\"(max-width: 1280px) 100vw, 1280px\" \/>\t\t\t\t\t\t\t\t\t\t\t\t\t\t\t<\/div>\n\t\t\t\t<\/div>\n\t\t\t\t\t<\/div>\n\t\t<\/div>\n\t\t\t\t<div class=\"elementor-column elementor-col-50 elementor-top-column elementor-element elementor-element-3ecb812d ot-flex-column-vertical\" data-id=\"3ecb812d\" data-element_type=\"column\" data-e-type=\"column\">\n\t\t\t<div class=\"elementor-widget-wrap elementor-element-populated\">\n\t\t\t\t\t\t<div class=\"elementor-element elementor-element-9dd54c7 elementor-widget elementor-widget-iheading\" data-id=\"9dd54c7\" data-element_type=\"widget\" data-e-type=\"widget\" data-widget_type=\"iheading.default\">\n\t\t\t\t<div class=\"elementor-widget-container\">\n\t\t\t\t\t\t\t<div class=\"ot-heading\">\r\n\t        <h2 class=\"main-heading\">Syst\u00e8mes de s\u00e9curit\u00e9<\/h2>\t    <\/div>\r\n\t    \t\t\t\t<\/div>\n\t\t\t\t<\/div>\n\t\t\t\t<div class=\"elementor-element elementor-element-5be247fb elementor-widget elementor-widget-text-editor\" data-id=\"5be247fb\" data-element_type=\"widget\" data-e-type=\"widget\" data-widget_type=\"text-editor.default\">\n\t\t\t\t<div class=\"elementor-widget-container\">\n\t\t\t\t\t\t\t\t\t<p>Syst\u00e8mes de s\u00e9curit\u00e9\nSolutions avanc\u00e9es de vid\u00e9osurveillance, de contr\u00f4le d\u2019acc\u00e8s et de pare-feu pour prot\u00e9ger votre entreprise.<\/p>\t\t\t\t\t\t\t\t<\/div>\n\t\t\t\t<\/div>\n\t\t\t\t<div class=\"elementor-element elementor-element-17c9979c elementor-hidden-desktop elementor-widget elementor-widget-image\" data-id=\"17c9979c\" data-element_type=\"widget\" data-e-type=\"widget\" data-widget_type=\"image.default\">\n\t\t\t\t<div class=\"elementor-widget-container\">\n\t\t\t\t\t\t\t\t\t\t\t\t\t\t\t<img fetchpriority=\"high\" decoding=\"async\" width=\"1280\" height=\"596\" src=\"https:\/\/pitechgroup.com\/wp-content\/uploads\/2024\/12\/IMG-20241201-WA0003.jpg\" class=\"attachment-full size-full wp-image-5957\" alt=\"\" srcset=\"https:\/\/pitechgroup.com\/wp-content\/uploads\/2024\/12\/IMG-20241201-WA0003.jpg 1280w, https:\/\/pitechgroup.com\/wp-content\/uploads\/2024\/12\/IMG-20241201-WA0003-300x140.jpg 300w, https:\/\/pitechgroup.com\/wp-content\/uploads\/2024\/12\/IMG-20241201-WA0003-1024x477.jpg 1024w, https:\/\/pitechgroup.com\/wp-content\/uploads\/2024\/12\/IMG-20241201-WA0003-768x358.jpg 768w, https:\/\/pitechgroup.com\/wp-content\/uploads\/2024\/12\/IMG-20241201-WA0003-720x335.jpg 720w\" sizes=\"(max-width: 1280px) 100vw, 1280px\" \/>\t\t\t\t\t\t\t\t\t\t\t\t\t\t\t<\/div>\n\t\t\t\t<\/div>\n\t\t\t\t\t<\/div>\n\t\t<\/div>\n\t\t\t\t\t<\/div>\n\t\t<\/section>\n\t\t\t\t<section class=\"elementor-section elementor-top-section elementor-element elementor-element-2d5b7a01 ot-traditional elementor-section-boxed elementor-section-height-default elementor-section-height-default\" data-id=\"2d5b7a01\" data-element_type=\"section\" data-e-type=\"section\" data-settings=\"{&quot;background_background&quot;:&quot;classic&quot;}\">\n\t\t\t\t\t\t<div class=\"elementor-container elementor-column-gap-default\">\n\t\t\t\t\t<div class=\"elementor-column elementor-col-100 elementor-top-column elementor-element elementor-element-2d9c4edc ot-flex-column-vertical\" data-id=\"2d9c4edc\" data-element_type=\"column\" data-e-type=\"column\">\n\t\t\t<div class=\"elementor-widget-wrap elementor-element-populated\">\n\t\t\t\t\t\t<div class=\"elementor-element elementor-element-420ca333 elementor-widget elementor-widget-iheading\" data-id=\"420ca333\" data-element_type=\"widget\" data-e-type=\"widget\" data-widget_type=\"iheading.default\">\n\t\t\t\t<div class=\"elementor-widget-container\">\n\t\t\t\t\t\t\t<div class=\"ot-heading\">\r\n\t        <h2 class=\"main-heading\">Nous livrons une solution avec <br>\nl\u2019objectif des relations de confiance<\/h2>\t    <\/div>\r\n\t    \t\t\t\t<\/div>\n\t\t\t\t<\/div>\n\t\t\t\t\t<\/div>\n\t\t<\/div>\n\t\t\t\t\t<\/div>\n\t\t<\/section>\n\t\t\t\t<\/div>","protected":false},"excerpt":{"rendered":"<p>Security Systems Advanced CCTV, access control, and firewall solutions to safeguard your business. We Deliver Solution with the Goal of Trusting Relationships<\/p>","protected":false},"author":1,"featured_media":0,"parent":0,"menu_order":0,"comment_status":"closed","ping_status":"closed","template":"","meta":{"footnotes":""},"class_list":["post-5953","page","type-page","status-publish","hentry"],"_links":{"self":[{"href":"https:\/\/pitechgroup.com\/fr\/wp-json\/wp\/v2\/pages\/5953","targetHints":{"allow":["GET"]}}],"collection":[{"href":"https:\/\/pitechgroup.com\/fr\/wp-json\/wp\/v2\/pages"}],"about":[{"href":"https:\/\/pitechgroup.com\/fr\/wp-json\/wp\/v2\/types\/page"}],"author":[{"embeddable":true,"href":"https:\/\/pitechgroup.com\/fr\/wp-json\/wp\/v2\/users\/1"}],"replies":[{"embeddable":true,"href":"https:\/\/pitechgroup.com\/fr\/wp-json\/wp\/v2\/comments?post=5953"}],"version-history":[{"count":13,"href":"https:\/\/pitechgroup.com\/fr\/wp-json\/wp\/v2\/pages\/5953\/revisions"}],"predecessor-version":[{"id":5998,"href":"https:\/\/pitechgroup.com\/fr\/wp-json\/wp\/v2\/pages\/5953\/revisions\/5998"}],"wp:attachment":[{"href":"https:\/\/pitechgroup.com\/fr\/wp-json\/wp\/v2\/media?parent=5953"}],"curies":[{"name":"wp","href":"https:\/\/api.w.org\/{rel}","templated":true}]}}