{"id":5999,"date":"2024-12-05T15:06:42","date_gmt":"2024-12-05T15:06:42","guid":{"rendered":"https:\/\/elahieh.com\/demo\/?page_id=5999"},"modified":"2024-12-05T15:07:57","modified_gmt":"2024-12-05T15:07:57","slug":"pos-systems","status":"publish","type":"page","link":"https:\/\/pitechgroup.com\/fr\/pos-systems\/","title":{"rendered":"Syst\u00e8mes de point de vente"},"content":{"rendered":"<div data-elementor-type=\"wp-page\" data-elementor-id=\"5999\" class=\"elementor elementor-5999\">\n\t\t\t\t\t\t<section class=\"elementor-section elementor-top-section elementor-element elementor-element-5557fce0 ot-traditional elementor-section-boxed elementor-section-height-default elementor-section-height-default\" data-id=\"5557fce0\" data-element_type=\"section\" data-e-type=\"section\" data-settings=\"{&quot;background_background&quot;:&quot;classic&quot;}\">\n\t\t\t\t\t\t<div class=\"elementor-container elementor-column-gap-extended\">\n\t\t\t\t\t<div class=\"elementor-column elementor-col-50 elementor-top-column elementor-element elementor-element-3fbd19d9 elementor-hidden-tablet elementor-hidden-phone ot-flex-column-vertical\" data-id=\"3fbd19d9\" data-element_type=\"column\" data-e-type=\"column\">\n\t\t\t<div class=\"elementor-widget-wrap elementor-element-populated\">\n\t\t\t\t\t\t<div class=\"elementor-element elementor-element-773d37a1 elementor-widget elementor-widget-image\" data-id=\"773d37a1\" data-element_type=\"widget\" data-e-type=\"widget\" data-widget_type=\"image.default\">\n\t\t\t\t<div class=\"elementor-widget-container\">\n\t\t\t\t\t\t\t\t\t\t\t\t\t\t\t<img fetchpriority=\"high\" decoding=\"async\" width=\"1600\" height=\"1067\" src=\"https:\/\/pitechgroup.com\/wp-content\/uploads\/2024\/12\/IMG-20241201-WA0005.jpg\" class=\"attachment-full size-full wp-image-5933\" alt=\"\" srcset=\"https:\/\/pitechgroup.com\/wp-content\/uploads\/2024\/12\/IMG-20241201-WA0005.jpg 1600w, https:\/\/pitechgroup.com\/wp-content\/uploads\/2024\/12\/IMG-20241201-WA0005-300x200.jpg 300w, https:\/\/pitechgroup.com\/wp-content\/uploads\/2024\/12\/IMG-20241201-WA0005-1024x683.jpg 1024w, https:\/\/pitechgroup.com\/wp-content\/uploads\/2024\/12\/IMG-20241201-WA0005-768x512.jpg 768w, https:\/\/pitechgroup.com\/wp-content\/uploads\/2024\/12\/IMG-20241201-WA0005-1536x1024.jpg 1536w, https:\/\/pitechgroup.com\/wp-content\/uploads\/2024\/12\/IMG-20241201-WA0005-720x480.jpg 720w\" sizes=\"(max-width: 1600px) 100vw, 1600px\" \/>\t\t\t\t\t\t\t\t\t\t\t\t\t\t\t<\/div>\n\t\t\t\t<\/div>\n\t\t\t\t\t<\/div>\n\t\t<\/div>\n\t\t\t\t<div class=\"elementor-column elementor-col-50 elementor-top-column elementor-element elementor-element-3fd403a8 ot-flex-column-vertical\" data-id=\"3fd403a8\" data-element_type=\"column\" data-e-type=\"column\">\n\t\t\t<div class=\"elementor-widget-wrap elementor-element-populated\">\n\t\t\t\t\t\t<div class=\"elementor-element elementor-element-37de196 elementor-widget elementor-widget-iheading\" data-id=\"37de196\" data-element_type=\"widget\" data-e-type=\"widget\" data-widget_type=\"iheading.default\">\n\t\t\t\t<div class=\"elementor-widget-container\">\n\t\t\t\t\t\t\t<div class=\"ot-heading\">\r\n\t        <h2 class=\"main-heading\">Syst\u00e8mes de point de vente<\/h2>\t    <\/div>\r\n\t    \t\t\t\t<\/div>\n\t\t\t\t<\/div>\n\t\t\t\t<div class=\"elementor-element elementor-element-689ca517 elementor-widget elementor-widget-text-editor\" data-id=\"689ca517\" data-element_type=\"widget\" data-e-type=\"widget\" data-widget_type=\"text-editor.default\">\n\t\t\t\t<div class=\"elementor-widget-container\">\n\t\t\t\t\t\t\t\t\t<p>Installation et int\u00e9gration de bout en bout de syst\u00e8mes de point de vente pour les environnements de vente au d\u00e9tail et commerciaux.<\/p>\t\t\t\t\t\t\t\t<\/div>\n\t\t\t\t<\/div>\n\t\t\t\t<div class=\"elementor-element elementor-element-3ee2c863 elementor-hidden-desktop elementor-widget elementor-widget-image\" data-id=\"3ee2c863\" data-element_type=\"widget\" data-e-type=\"widget\" data-widget_type=\"image.default\">\n\t\t\t\t<div class=\"elementor-widget-container\">\n\t\t\t\t\t\t\t\t\t\t\t\t\t\t\t<img fetchpriority=\"high\" decoding=\"async\" width=\"1600\" height=\"1067\" src=\"https:\/\/pitechgroup.com\/wp-content\/uploads\/2024\/12\/IMG-20241201-WA0005.jpg\" class=\"attachment-full size-full wp-image-5933\" alt=\"\" srcset=\"https:\/\/pitechgroup.com\/wp-content\/uploads\/2024\/12\/IMG-20241201-WA0005.jpg 1600w, https:\/\/pitechgroup.com\/wp-content\/uploads\/2024\/12\/IMG-20241201-WA0005-300x200.jpg 300w, https:\/\/pitechgroup.com\/wp-content\/uploads\/2024\/12\/IMG-20241201-WA0005-1024x683.jpg 1024w, https:\/\/pitechgroup.com\/wp-content\/uploads\/2024\/12\/IMG-20241201-WA0005-768x512.jpg 768w, https:\/\/pitechgroup.com\/wp-content\/uploads\/2024\/12\/IMG-20241201-WA0005-1536x1024.jpg 1536w, https:\/\/pitechgroup.com\/wp-content\/uploads\/2024\/12\/IMG-20241201-WA0005-720x480.jpg 720w\" sizes=\"(max-width: 1600px) 100vw, 1600px\" \/>\t\t\t\t\t\t\t\t\t\t\t\t\t\t\t<\/div>\n\t\t\t\t<\/div>\n\t\t\t\t\t<\/div>\n\t\t<\/div>\n\t\t\t\t\t<\/div>\n\t\t<\/section>\n\t\t\t\t<section class=\"elementor-section elementor-top-section elementor-element elementor-element-3924d46d ot-traditional elementor-section-boxed elementor-section-height-default elementor-section-height-default\" data-id=\"3924d46d\" data-element_type=\"section\" data-e-type=\"section\" data-settings=\"{&quot;background_background&quot;:&quot;classic&quot;}\">\n\t\t\t\t\t\t<div class=\"elementor-container elementor-column-gap-default\">\n\t\t\t\t\t<div class=\"elementor-column elementor-col-100 elementor-top-column elementor-element elementor-element-4df0707d ot-flex-column-vertical\" data-id=\"4df0707d\" data-element_type=\"column\" data-e-type=\"column\">\n\t\t\t<div class=\"elementor-widget-wrap elementor-element-populated\">\n\t\t\t\t\t\t<div class=\"elementor-element elementor-element-3eb5370c elementor-widget elementor-widget-iheading\" data-id=\"3eb5370c\" data-element_type=\"widget\" data-e-type=\"widget\" data-widget_type=\"iheading.default\">\n\t\t\t\t<div class=\"elementor-widget-container\">\n\t\t\t\t\t\t\t<div class=\"ot-heading\">\r\n\t        <h2 class=\"main-heading\">Nous livrons une solution avec <br>\nl\u2019objectif des relations de confiance<\/h2>\t    <\/div>\r\n\t    \t\t\t\t<\/div>\n\t\t\t\t<\/div>\n\t\t\t\t\t<\/div>\n\t\t<\/div>\n\t\t\t\t\t<\/div>\n\t\t<\/section>\n\t\t\t\t<\/div>","protected":false},"excerpt":{"rendered":"<p>POS Systems End-to-end installation and integration of Point of Sale systems for retail and commercial environments. We Deliver Solution with the Goal of Trusting Relationships<\/p>","protected":false},"author":1,"featured_media":0,"parent":0,"menu_order":0,"comment_status":"closed","ping_status":"closed","template":"","meta":{"footnotes":""},"class_list":["post-5999","page","type-page","status-publish","hentry"],"_links":{"self":[{"href":"https:\/\/pitechgroup.com\/fr\/wp-json\/wp\/v2\/pages\/5999","targetHints":{"allow":["GET"]}}],"collection":[{"href":"https:\/\/pitechgroup.com\/fr\/wp-json\/wp\/v2\/pages"}],"about":[{"href":"https:\/\/pitechgroup.com\/fr\/wp-json\/wp\/v2\/types\/page"}],"author":[{"embeddable":true,"href":"https:\/\/pitechgroup.com\/fr\/wp-json\/wp\/v2\/users\/1"}],"replies":[{"embeddable":true,"href":"https:\/\/pitechgroup.com\/fr\/wp-json\/wp\/v2\/comments?post=5999"}],"version-history":[{"count":4,"href":"https:\/\/pitechgroup.com\/fr\/wp-json\/wp\/v2\/pages\/5999\/revisions"}],"predecessor-version":[{"id":6003,"href":"https:\/\/pitechgroup.com\/fr\/wp-json\/wp\/v2\/pages\/5999\/revisions\/6003"}],"wp:attachment":[{"href":"https:\/\/pitechgroup.com\/fr\/wp-json\/wp\/v2\/media?parent=5999"}],"curies":[{"name":"wp","href":"https:\/\/api.w.org\/{rel}","templated":true}]}}