{"id":6004,"date":"2024-12-05T15:09:54","date_gmt":"2024-12-05T15:09:54","guid":{"rendered":"https:\/\/elahieh.com\/demo\/?page_id=6004"},"modified":"2024-12-05T15:11:02","modified_gmt":"2024-12-05T15:11:02","slug":"cabling-cable-management","status":"publish","type":"page","link":"https:\/\/pitechgroup.com\/fr\/cabling-cable-management\/","title":{"rendered":"C\u00e2blage et gestion des c\u00e2bles"},"content":{"rendered":"<div data-elementor-type=\"wp-page\" data-elementor-id=\"6004\" class=\"elementor elementor-6004\">\n\t\t\t\t\t\t<section class=\"elementor-section elementor-top-section elementor-element elementor-element-1fe88867 ot-traditional elementor-section-boxed elementor-section-height-default elementor-section-height-default\" data-id=\"1fe88867\" data-element_type=\"section\" data-e-type=\"section\" data-settings=\"{&quot;background_background&quot;:&quot;classic&quot;}\">\n\t\t\t\t\t\t<div class=\"elementor-container elementor-column-gap-extended\">\n\t\t\t\t\t<div class=\"elementor-column elementor-col-50 elementor-top-column elementor-element elementor-element-528b662a elementor-hidden-tablet elementor-hidden-phone ot-flex-column-vertical\" data-id=\"528b662a\" data-element_type=\"column\" data-e-type=\"column\">\n\t\t\t<div class=\"elementor-widget-wrap elementor-element-populated\">\n\t\t\t\t\t\t<div class=\"elementor-element elementor-element-31fecf28 elementor-widget elementor-widget-image\" data-id=\"31fecf28\" data-element_type=\"widget\" data-e-type=\"widget\" data-widget_type=\"image.default\">\n\t\t\t\t<div class=\"elementor-widget-container\">\n\t\t\t\t\t\t\t\t\t\t\t\t\t\t\t<img fetchpriority=\"high\" decoding=\"async\" width=\"720\" height=\"1280\" src=\"https:\/\/pitechgroup.com\/wp-content\/uploads\/2024\/12\/IMG-20241201-WA0006.jpg\" class=\"attachment-full size-full wp-image-6009\" alt=\"\" srcset=\"https:\/\/pitechgroup.com\/wp-content\/uploads\/2024\/12\/IMG-20241201-WA0006.jpg 720w, https:\/\/pitechgroup.com\/wp-content\/uploads\/2024\/12\/IMG-20241201-WA0006-169x300.jpg 169w, https:\/\/pitechgroup.com\/wp-content\/uploads\/2024\/12\/IMG-20241201-WA0006-576x1024.jpg 576w\" sizes=\"(max-width: 720px) 100vw, 720px\" \/>\t\t\t\t\t\t\t\t\t\t\t\t\t\t\t<\/div>\n\t\t\t\t<\/div>\n\t\t\t\t\t<\/div>\n\t\t<\/div>\n\t\t\t\t<div class=\"elementor-column elementor-col-50 elementor-top-column elementor-element elementor-element-46e052e9 ot-flex-column-vertical\" data-id=\"46e052e9\" data-element_type=\"column\" data-e-type=\"column\">\n\t\t\t<div class=\"elementor-widget-wrap elementor-element-populated\">\n\t\t\t\t\t\t<div class=\"elementor-element elementor-element-7b611757 elementor-widget elementor-widget-iheading\" data-id=\"7b611757\" data-element_type=\"widget\" data-e-type=\"widget\" data-widget_type=\"iheading.default\">\n\t\t\t\t<div class=\"elementor-widget-container\">\n\t\t\t\t\t\t\t<div class=\"ot-heading\">\r\n\t        <h2 class=\"main-heading\">C\u00e2blage et gestion des c\u00e2bles<\/h2>\t    <\/div>\r\n\t    \t\t\t\t<\/div>\n\t\t\t\t<\/div>\n\t\t\t\t<div class=\"elementor-element elementor-element-72c019d0 elementor-widget elementor-widget-text-editor\" data-id=\"72c019d0\" data-element_type=\"widget\" data-e-type=\"widget\" data-widget_type=\"text-editor.default\">\n\t\t\t\t<div class=\"elementor-widget-container\">\n\t\t\t\t\t\t\t\t\t<p>Solutions de c\u00e2blage professionnelles, notamment des racks r\u00e9seau, des panneaux de brassage et une organisation des c\u00e2bles pour des performances optimales.<\/p>\t\t\t\t\t\t\t\t<\/div>\n\t\t\t\t<\/div>\n\t\t\t\t<div class=\"elementor-element elementor-element-6f2e6e09 elementor-hidden-desktop elementor-widget elementor-widget-image\" data-id=\"6f2e6e09\" data-element_type=\"widget\" data-e-type=\"widget\" data-widget_type=\"image.default\">\n\t\t\t\t<div class=\"elementor-widget-container\">\n\t\t\t\t\t\t\t\t\t\t\t\t\t\t\t<img fetchpriority=\"high\" decoding=\"async\" width=\"720\" height=\"1280\" src=\"https:\/\/pitechgroup.com\/wp-content\/uploads\/2024\/12\/IMG-20241201-WA0006.jpg\" class=\"attachment-full size-full wp-image-6009\" alt=\"\" srcset=\"https:\/\/pitechgroup.com\/wp-content\/uploads\/2024\/12\/IMG-20241201-WA0006.jpg 720w, https:\/\/pitechgroup.com\/wp-content\/uploads\/2024\/12\/IMG-20241201-WA0006-169x300.jpg 169w, https:\/\/pitechgroup.com\/wp-content\/uploads\/2024\/12\/IMG-20241201-WA0006-576x1024.jpg 576w\" sizes=\"(max-width: 720px) 100vw, 720px\" \/>\t\t\t\t\t\t\t\t\t\t\t\t\t\t\t<\/div>\n\t\t\t\t<\/div>\n\t\t\t\t\t<\/div>\n\t\t<\/div>\n\t\t\t\t\t<\/div>\n\t\t<\/section>\n\t\t\t\t<section class=\"elementor-section elementor-top-section elementor-element elementor-element-7bca33e9 ot-traditional elementor-section-boxed elementor-section-height-default elementor-section-height-default\" data-id=\"7bca33e9\" data-element_type=\"section\" data-e-type=\"section\" data-settings=\"{&quot;background_background&quot;:&quot;classic&quot;}\">\n\t\t\t\t\t\t<div class=\"elementor-container elementor-column-gap-default\">\n\t\t\t\t\t<div class=\"elementor-column elementor-col-100 elementor-top-column elementor-element elementor-element-7c8102b5 ot-flex-column-vertical\" data-id=\"7c8102b5\" data-element_type=\"column\" data-e-type=\"column\">\n\t\t\t<div class=\"elementor-widget-wrap elementor-element-populated\">\n\t\t\t\t\t\t<div class=\"elementor-element elementor-element-403e5cd4 elementor-widget elementor-widget-iheading\" data-id=\"403e5cd4\" data-element_type=\"widget\" data-e-type=\"widget\" data-widget_type=\"iheading.default\">\n\t\t\t\t<div class=\"elementor-widget-container\">\n\t\t\t\t\t\t\t<div class=\"ot-heading\">\r\n\t        <h2 class=\"main-heading\">Nous livrons une solution avec <br>\nl\u2019objectif des relations de confiance<\/h2>\t    <\/div>\r\n\t    \t\t\t\t<\/div>\n\t\t\t\t<\/div>\n\t\t\t\t\t<\/div>\n\t\t<\/div>\n\t\t\t\t\t<\/div>\n\t\t<\/section>\n\t\t\t\t<\/div>","protected":false},"excerpt":{"rendered":"<p>Cabling &#038; Cable Management Professional cabling solutions, including network racks, patch panels, and cable organization for optimal performance. We Deliver Solution with the Goal of Trusting Relationships<\/p>","protected":false},"author":1,"featured_media":0,"parent":0,"menu_order":0,"comment_status":"closed","ping_status":"closed","template":"","meta":{"footnotes":""},"class_list":["post-6004","page","type-page","status-publish","hentry"],"_links":{"self":[{"href":"https:\/\/pitechgroup.com\/fr\/wp-json\/wp\/v2\/pages\/6004","targetHints":{"allow":["GET"]}}],"collection":[{"href":"https:\/\/pitechgroup.com\/fr\/wp-json\/wp\/v2\/pages"}],"about":[{"href":"https:\/\/pitechgroup.com\/fr\/wp-json\/wp\/v2\/types\/page"}],"author":[{"embeddable":true,"href":"https:\/\/pitechgroup.com\/fr\/wp-json\/wp\/v2\/users\/1"}],"replies":[{"embeddable":true,"href":"https:\/\/pitechgroup.com\/fr\/wp-json\/wp\/v2\/comments?post=6004"}],"version-history":[{"count":4,"href":"https:\/\/pitechgroup.com\/fr\/wp-json\/wp\/v2\/pages\/6004\/revisions"}],"predecessor-version":[{"id":6012,"href":"https:\/\/pitechgroup.com\/fr\/wp-json\/wp\/v2\/pages\/6004\/revisions\/6012"}],"wp:attachment":[{"href":"https:\/\/pitechgroup.com\/fr\/wp-json\/wp\/v2\/media?parent=6004"}],"curies":[{"name":"wp","href":"https:\/\/api.w.org\/{rel}","templated":true}]}}