{"id":6005,"date":"2024-12-05T15:11:13","date_gmt":"2024-12-05T15:11:13","guid":{"rendered":"https:\/\/elahieh.com\/demo\/?page_id=6005"},"modified":"2024-12-05T15:12:23","modified_gmt":"2024-12-05T15:12:23","slug":"voip-wireless-communication","status":"publish","type":"page","link":"https:\/\/pitechgroup.com\/fr\/voip-wireless-communication\/","title":{"rendered":"VoIP et communication sans fil"},"content":{"rendered":"<div data-elementor-type=\"wp-page\" data-elementor-id=\"6005\" class=\"elementor elementor-6005\">\n\t\t\t\t\t\t<section class=\"elementor-section elementor-top-section elementor-element elementor-element-52e7bf4 ot-traditional elementor-section-boxed elementor-section-height-default elementor-section-height-default\" data-id=\"52e7bf4\" data-element_type=\"section\" data-e-type=\"section\" data-settings=\"{&quot;background_background&quot;:&quot;classic&quot;}\">\n\t\t\t\t\t\t<div class=\"elementor-container elementor-column-gap-extended\">\n\t\t\t\t\t<div class=\"elementor-column elementor-col-50 elementor-top-column elementor-element elementor-element-4f8688f8 elementor-hidden-tablet elementor-hidden-phone ot-flex-column-vertical\" data-id=\"4f8688f8\" data-element_type=\"column\" data-e-type=\"column\">\n\t\t\t<div class=\"elementor-widget-wrap elementor-element-populated\">\n\t\t\t\t\t\t<div class=\"elementor-element elementor-element-7f7f2d0b elementor-widget elementor-widget-image\" data-id=\"7f7f2d0b\" data-element_type=\"widget\" data-e-type=\"widget\" data-widget_type=\"image.default\">\n\t\t\t\t<div class=\"elementor-widget-container\">\n\t\t\t\t\t\t\t\t\t\t\t\t\t\t\t<img fetchpriority=\"high\" decoding=\"async\" width=\"1068\" height=\"1600\" src=\"https:\/\/pitechgroup.com\/wp-content\/uploads\/2024\/12\/IMG-20241201-WA0007.jpg\" class=\"attachment-full size-full wp-image-6008\" alt=\"\" srcset=\"https:\/\/pitechgroup.com\/wp-content\/uploads\/2024\/12\/IMG-20241201-WA0007.jpg 1068w, https:\/\/pitechgroup.com\/wp-content\/uploads\/2024\/12\/IMG-20241201-WA0007-200x300.jpg 200w, https:\/\/pitechgroup.com\/wp-content\/uploads\/2024\/12\/IMG-20241201-WA0007-684x1024.jpg 684w, https:\/\/pitechgroup.com\/wp-content\/uploads\/2024\/12\/IMG-20241201-WA0007-768x1151.jpg 768w, https:\/\/pitechgroup.com\/wp-content\/uploads\/2024\/12\/IMG-20241201-WA0007-1025x1536.jpg 1025w, https:\/\/pitechgroup.com\/wp-content\/uploads\/2024\/12\/IMG-20241201-WA0007-720x1079.jpg 720w\" sizes=\"(max-width: 1068px) 100vw, 1068px\" \/>\t\t\t\t\t\t\t\t\t\t\t\t\t\t\t<\/div>\n\t\t\t\t<\/div>\n\t\t\t\t\t<\/div>\n\t\t<\/div>\n\t\t\t\t<div class=\"elementor-column elementor-col-50 elementor-top-column elementor-element elementor-element-3b34550 ot-flex-column-vertical\" data-id=\"3b34550\" data-element_type=\"column\" data-e-type=\"column\">\n\t\t\t<div class=\"elementor-widget-wrap elementor-element-populated\">\n\t\t\t\t\t\t<div class=\"elementor-element elementor-element-86d90e2 elementor-widget elementor-widget-iheading\" data-id=\"86d90e2\" data-element_type=\"widget\" data-e-type=\"widget\" data-widget_type=\"iheading.default\">\n\t\t\t\t<div class=\"elementor-widget-container\">\n\t\t\t\t\t\t\t<div class=\"ot-heading\">\r\n\t        <h2 class=\"main-heading\">VoIP et communication sans fil<\/h2>\t    <\/div>\r\n\t    \t\t\t\t<\/div>\n\t\t\t\t<\/div>\n\t\t\t\t<div class=\"elementor-element elementor-element-6c85fe9c elementor-widget elementor-widget-text-editor\" data-id=\"6c85fe9c\" data-element_type=\"widget\" data-e-type=\"widget\" data-widget_type=\"text-editor.default\">\n\t\t\t\t<div class=\"elementor-widget-container\">\n\t\t\t\t\t\t\t\t\t<p>Des syst\u00e8mes de voix sur IP fiables et une connectivit\u00e9 sans fil adapt\u00e9s aux besoins de votre entreprise.<\/p>\t\t\t\t\t\t\t\t<\/div>\n\t\t\t\t<\/div>\n\t\t\t\t<div class=\"elementor-element elementor-element-7d3f97f6 elementor-hidden-desktop elementor-widget elementor-widget-image\" data-id=\"7d3f97f6\" data-element_type=\"widget\" data-e-type=\"widget\" data-widget_type=\"image.default\">\n\t\t\t\t<div class=\"elementor-widget-container\">\n\t\t\t\t\t\t\t\t\t\t\t\t\t\t\t<img fetchpriority=\"high\" decoding=\"async\" width=\"1068\" height=\"1600\" src=\"https:\/\/pitechgroup.com\/wp-content\/uploads\/2024\/12\/IMG-20241201-WA0007.jpg\" class=\"attachment-full size-full wp-image-6008\" alt=\"\" srcset=\"https:\/\/pitechgroup.com\/wp-content\/uploads\/2024\/12\/IMG-20241201-WA0007.jpg 1068w, https:\/\/pitechgroup.com\/wp-content\/uploads\/2024\/12\/IMG-20241201-WA0007-200x300.jpg 200w, https:\/\/pitechgroup.com\/wp-content\/uploads\/2024\/12\/IMG-20241201-WA0007-684x1024.jpg 684w, https:\/\/pitechgroup.com\/wp-content\/uploads\/2024\/12\/IMG-20241201-WA0007-768x1151.jpg 768w, https:\/\/pitechgroup.com\/wp-content\/uploads\/2024\/12\/IMG-20241201-WA0007-1025x1536.jpg 1025w, https:\/\/pitechgroup.com\/wp-content\/uploads\/2024\/12\/IMG-20241201-WA0007-720x1079.jpg 720w\" sizes=\"(max-width: 1068px) 100vw, 1068px\" \/>\t\t\t\t\t\t\t\t\t\t\t\t\t\t\t<\/div>\n\t\t\t\t<\/div>\n\t\t\t\t\t<\/div>\n\t\t<\/div>\n\t\t\t\t\t<\/div>\n\t\t<\/section>\n\t\t\t\t<section class=\"elementor-section elementor-top-section elementor-element elementor-element-33730a93 ot-traditional elementor-section-boxed elementor-section-height-default elementor-section-height-default\" data-id=\"33730a93\" data-element_type=\"section\" data-e-type=\"section\" data-settings=\"{&quot;background_background&quot;:&quot;classic&quot;}\">\n\t\t\t\t\t\t<div class=\"elementor-container elementor-column-gap-default\">\n\t\t\t\t\t<div class=\"elementor-column elementor-col-100 elementor-top-column elementor-element elementor-element-1bfd77fd ot-flex-column-vertical\" data-id=\"1bfd77fd\" data-element_type=\"column\" data-e-type=\"column\">\n\t\t\t<div class=\"elementor-widget-wrap elementor-element-populated\">\n\t\t\t\t\t\t<div class=\"elementor-element elementor-element-58ecb41b elementor-widget elementor-widget-iheading\" data-id=\"58ecb41b\" data-element_type=\"widget\" data-e-type=\"widget\" data-widget_type=\"iheading.default\">\n\t\t\t\t<div class=\"elementor-widget-container\">\n\t\t\t\t\t\t\t<div class=\"ot-heading\">\r\n\t        <h2 class=\"main-heading\">Nous livrons une solution avec <br>\nl\u2019objectif des relations de confiance<\/h2>\t    <\/div>\r\n\t    \t\t\t\t<\/div>\n\t\t\t\t<\/div>\n\t\t\t\t\t<\/div>\n\t\t<\/div>\n\t\t\t\t\t<\/div>\n\t\t<\/section>\n\t\t\t\t<\/div>","protected":false},"excerpt":{"rendered":"<p>VoIP &#038; Wireless Communication Reliable voice-over-IP systems and wireless connectivity tailored to your business needs. We Deliver Solution with the Goal of Trusting Relationships<\/p>","protected":false},"author":1,"featured_media":0,"parent":0,"menu_order":0,"comment_status":"closed","ping_status":"closed","template":"","meta":{"footnotes":""},"class_list":["post-6005","page","type-page","status-publish","hentry"],"_links":{"self":[{"href":"https:\/\/pitechgroup.com\/fr\/wp-json\/wp\/v2\/pages\/6005","targetHints":{"allow":["GET"]}}],"collection":[{"href":"https:\/\/pitechgroup.com\/fr\/wp-json\/wp\/v2\/pages"}],"about":[{"href":"https:\/\/pitechgroup.com\/fr\/wp-json\/wp\/v2\/types\/page"}],"author":[{"embeddable":true,"href":"https:\/\/pitechgroup.com\/fr\/wp-json\/wp\/v2\/users\/1"}],"replies":[{"embeddable":true,"href":"https:\/\/pitechgroup.com\/fr\/wp-json\/wp\/v2\/comments?post=6005"}],"version-history":[{"count":4,"href":"https:\/\/pitechgroup.com\/fr\/wp-json\/wp\/v2\/pages\/6005\/revisions"}],"predecessor-version":[{"id":6015,"href":"https:\/\/pitechgroup.com\/fr\/wp-json\/wp\/v2\/pages\/6005\/revisions\/6015"}],"wp:attachment":[{"href":"https:\/\/pitechgroup.com\/fr\/wp-json\/wp\/v2\/media?parent=6005"}],"curies":[{"name":"wp","href":"https:\/\/api.w.org\/{rel}","templated":true}]}}